{"id":226,"date":"2023-11-10T15:06:15","date_gmt":"2023-11-10T14:06:15","guid":{"rendered":"https:\/\/rwt.comaris.de\/?page_id=226"},"modified":"2024-08-21T10:00:54","modified_gmt":"2024-08-21T08:00:54","slug":"contact","status":"publish","type":"page","link":"https:\/\/rwt.comaris.de\/en\/kontakt\/","title":{"rendered":"Contact us"},"content":{"rendered":"<p>[et_pb_section fb_built=&#8220;1&#8243; _builder_version=&#8220;4.23.1&#8243; _module_preset=&#8220;default&#8220; background_color=&#8220;rgba(0,0,0,0.61)&#8220; background_image=&#8220;https:\/\/rwt.comaris.de\/wp-content\/uploads\/2023\/11\/slider-bg.webp&#8220; background_blend=&#8220;multiply&#8220; global_colors_info=&#8220;{}&#8220;][et_pb_row _builder_version=&#8220;4.23.1&#8243; _module_preset=&#8220;default&#8220; global_colors_info=&#8220;{}&#8220;][et_pb_column type=&#8220;4_4&#8243; _builder_version=&#8220;4.23.1&#8243; _module_preset=&#8220;default&#8220; global_colors_info=&#8220;{}&#8220;][et_pb_text _builder_version=&#8220;4.23.1&#8243; _module_preset=&#8220;default&#8220; background_layout=&#8220;dark&#8220; global_colors_info=&#8220;{}&#8220;]<\/p>\n<h1>Kontakt<\/h1>\n<p>[\/et_pb_text][\/et_pb_column][\/et_pb_row][\/et_pb_section][et_pb_section fb_built=&#8220;1&#8243; _builder_version=&#8220;4.23.1&#8243; _module_preset=&#8220;default&#8220; global_colors_info=&#8220;{}&#8220;][et_pb_row _builder_version=&#8220;4.23.1&#8243; _module_preset=&#8220;default&#8220; custom_padding=&#8220;||0px||false|false&#8220; global_colors_info=&#8220;{}&#8220;][et_pb_column type=&#8220;4_4&#8243; _builder_version=&#8220;4.23.1&#8243; _module_preset=&#8220;default&#8220; global_colors_info=&#8220;{}&#8220;][et_pb_text _builder_version=&#8220;4.23.1&#8243; _module_preset=&#8220;default&#8220; header_2_font_size=&#8220;36px&#8220; custom_margin=&#8220;||15px||false|false&#8220; global_colors_info=&#8220;{}&#8220;]<\/p>\n<h2>Kontakt zu RWT Hornegger &amp; Thor GmbH<\/h2>\n<p>[\/et_pb_text][et_pb_divider color=&#8220;gcid-10939461-63af-4478-88d1-71c06bb32c4d&#8220; divider_weight=&#8220;5px&#8220; _builder_version=&#8220;4.23.1&#8243; _module_preset=&#8220;default&#8220; width=&#8220;30%&#8220; module_alignment=&#8220;left&#8220; custom_margin=&#8220;||||false|false&#8220; global_colors_info=&#8220;{%22gcid-10939461-63af-4478-88d1-71c06bb32c4d%22:%91%22color%22%93}&#8220;][\/et_pb_divider][\/et_pb_column][\/et_pb_row][et_pb_row column_structure=&#8220;1_2,1_2&#8243; _builder_version=&#8220;4.23.1&#8243; _module_preset=&#8220;default&#8220; global_colors_info=&#8220;{}&#8220;][et_pb_column type=&#8220;1_2&#8243; _builder_version=&#8220;4.23.1&#8243; _module_preset=&#8220;default&#8220; global_colors_info=&#8220;{}&#8220;][et_pb_text _builder_version=&#8220;4.23.1&#8243; _module_preset=&#8220;default&#8220; header_2_font_size=&#8220;36px&#8220; global_colors_info=&#8220;{}&#8220;]<\/p>\n<div class=\"wpb_column vc_column_container vc_col-sm-6\">\n<div class=\"vc_column-inner \">\n<div class=\"wpb_wrapper\">\n<div class=\"wpb_text_column wpb_content_element \">\n<div class=\"wpb_wrapper\">\n<p>RWT ist ein junges, innovatives Fertigungsunternehmen. Unseren Schwerpunkt bilden Werkzeugbau, Formenbau, Prototypenbau und Baugruppenfertigung. Wir stellen Motorkomponenten und Pr\u00e4zisionsteile in Lohnfertigung her, unter anderem f\u00fcr die Fahrzeug- und Flugzeugindustrie sowie den Motorsport.<\/p>\n<\/div>\n<\/div>\n<\/div>\n<\/div>\n<\/div>\n<p>[\/et_pb_text][\/et_pb_column][et_pb_column type=&#8220;1_2&#8243; _builder_version=&#8220;4.23.1&#8243; _module_preset=&#8220;default&#8220; global_colors_info=&#8220;{}&#8220;][et_pb_text _builder_version=&#8220;4.23.1&#8243; _module_preset=&#8220;default&#8220; header_2_font_size=&#8220;36px&#8220; global_colors_info=&#8220;{}&#8220;]<\/p>\n<div class=\"wpb_column vc_column_container vc_col-sm-6\">\n<div class=\"vc_column-inner \">\n<div class=\"wpb_wrapper\">\n<div class=\"wpb_text_column wpb_content_element \">\n<div class=\"wpb_wrapper\"><\/div>\n<\/div>\n<\/div>\n<\/div>\n<\/div>\n<div class=\"wpb_column vc_column_container vc_col-sm-6\">\n<div class=\"vc_column-inner \">\n<div class=\"wpb_wrapper\">\n<div class=\"wpb_text_column wpb_content_element \">\n<div class=\"wpb_wrapper\">\n<p>Unsere Maxime ist es, mit Ihnen offen und auf Augenh\u00f6he zu kommunizieren. Bei Fragen zu unseren Produkten oder auch individuellen Projektanfragen stehen wir Ihnen gerne zur Verf\u00fcgung.<\/p>\n<\/div>\n<\/div>\n<\/div>\n<\/div>\n<\/div>\n<p>[\/et_pb_text][\/et_pb_column][\/et_pb_row][\/et_pb_section][et_pb_section fb_built=&#8220;1&#8243; _builder_version=&#8220;4.23.1&#8243; _module_preset=&#8220;default&#8220; background_color=&#8220;gcid-8e151471-c073-4a04-9fc8-d2ce881fe02e&#8220; global_colors_info=&#8220;{%22gcid-8e151471-c073-4a04-9fc8-d2ce881fe02e%22:%91%22background_color%22%93}&#8220;][et_pb_row _builder_version=&#8220;4.23.1&#8243; _module_preset=&#8220;default&#8220; custom_padding=&#8220;||0px||false|false&#8220; global_colors_info=&#8220;{}&#8220;][et_pb_column type=&#8220;4_4&#8243; _builder_version=&#8220;4.23.1&#8243; _module_preset=&#8220;default&#8220; global_colors_info=&#8220;{}&#8220;][et_pb_text _builder_version=&#8220;4.23.1&#8243; _module_preset=&#8220;default&#8220; header_2_font_size=&#8220;36px&#8220; custom_margin=&#8220;||15px||false|false&#8220; custom_padding=&#8220;27px|||||&#8220; global_colors_info=&#8220;{}&#8220;]<\/p>\n<h3>Kommunikation auf Augenh\u00f6he<\/h3>\n<p>[\/et_pb_text][et_pb_divider color=&#8220;gcid-10939461-63af-4478-88d1-71c06bb32c4d&#8220; divider_weight=&#8220;5px&#8220; _builder_version=&#8220;4.23.1&#8243; _module_preset=&#8220;default&#8220; width=&#8220;30%&#8220; module_alignment=&#8220;left&#8220; custom_margin=&#8220;||||false|false&#8220; global_colors_info=&#8220;{%22gcid-10939461-63af-4478-88d1-71c06bb32c4d%22:%91%22color%22%93}&#8220;][\/et_pb_divider][\/et_pb_column][\/et_pb_row][et_pb_row column_structure=&#8220;1_4,1_4,1_2&#8243; use_custom_gutter=&#8220;on&#8220; _builder_version=&#8220;4.23.1&#8243; _module_preset=&#8220;default&#8220; global_colors_info=&#8220;{}&#8220;][et_pb_column type=&#8220;1_4&#8243; _builder_version=&#8220;4.23.1&#8243; _module_preset=&#8220;default&#8220; global_colors_info=&#8220;{}&#8220;][et_pb_text _builder_version=&#8220;4.23.1&#8243; _module_preset=&#8220;default&#8220; header_2_font_size=&#8220;36px&#8220; custom_margin=&#8220;||15px||false|false&#8220; custom_padding=&#8220;||||false|false&#8220; global_colors_info=&#8220;{}&#8220;]<\/p>\n<h6>Anschrift<\/h6>\n<p>[\/et_pb_text][et_pb_text _builder_version=&#8220;4.23.1&#8243; _module_preset=&#8220;default&#8220; header_2_font_size=&#8220;36px&#8220; global_colors_info=&#8220;{}&#8220;]<\/p>\n<div class=\"wpb_column vc_column_container vc_col-sm-6\">\n<div class=\"vc_column-inner \">\n<div class=\"wpb_wrapper\">\n<div class=\"wpb_text_column wpb_content_element \">\n<div class=\"wpb_wrapper\">\n<p>RWT Hornegger &amp; Thor GmbH<br \/>\nGseng 90 \u2022 5442 Ru\u00dfbach<br \/>\n\u00d6sterreich<\/p>\n<p>Telefon: +43 6242 471<br \/>\nTelefax: +43 6242 471-55<br \/>\n<a href=\"mailto:office@r-w-t.com\">office@r-w-t.com<\/a><\/p>\n<\/div>\n<\/div>\n<\/div>\n<\/div>\n<\/div>\n<p>[\/et_pb_text][\/et_pb_column][et_pb_column type=&#8220;1_4&#8243; _builder_version=&#8220;4.23.1&#8243; _module_preset=&#8220;default&#8220; global_colors_info=&#8220;{}&#8220;][et_pb_text _builder_version=&#8220;4.23.1&#8243; _module_preset=&#8220;default&#8220; header_2_font_size=&#8220;36px&#8220; custom_margin=&#8220;||15px||false|false&#8220; custom_padding=&#8220;||||false|false&#8220; global_colors_info=&#8220;{}&#8220;]<\/p>\n<h6>Ihre Ansprechpartner<\/h6>\n<p>[\/et_pb_text][et_pb_text _builder_version=&#8220;4.23.1&#8243; _module_preset=&#8220;default&#8220; header_2_font_size=&#8220;36px&#8220; global_colors_info=&#8220;{}&#8220;]<strong>Gesch\u00e4ftsf\u00fchrer:<\/strong><br \/>\nHannes Hornegger<br \/>\n<a href=\"mailto:h.hornegger@r-w-t.com\">h.hornegger@r-w-t.com<\/a><\/p>\n<p>Reinhard Thor<br \/>\n<a href=\"mailto:r.thor@r-w-t.com\">r.thor@r-w-t.com<\/a><\/p>\n<p><strong>Qualit\u00e4tssicherung:<br \/>\n<\/strong>Martin Straubinger<br \/>\n<a href=\"mailto:control@r-w-t.com\">control@r-w-t.com<\/a><\/p>\n<p><strong>Technischer Einkauf:<br \/>\n<\/strong>Walter Schwaighofer<br \/>\n<a href=\"mailto:w.schwaighofer@r-w-t.com\">w.schwaighofer@r-w-t.com<\/a><\/p>\n<p><strong>AV-Einkauf:<br \/>\n<\/strong>Ing. Marcus Grasl<br \/>\n<a href=\"mailto:m.grasl@r-w-t.com\">m.grasl@r-w-t.com<\/a><\/p>\n<p><strong>Administration:<br \/>\n<\/strong>Gerald Thor<br \/>\n<a href=\"mailto:g.thor@r-w-t.com\">g.thor@r-w-t.com<\/a><br \/>\n[\/et_pb_text][\/et_pb_column][et_pb_column type=&#8220;1_2&#8243; _builder_version=&#8220;4.23.1&#8243; _module_preset=&#8220;default&#8220; global_colors_info=&#8220;{}&#8220;][et_pb_contact_form captcha=&#8220;off&#8220; success_message=&#8220;<\/p>\n<h6>Vielen Dank f\u00fcr Ihre Anfrage.<br \/>Wir werden uns in K\u00fcrze bei Ihnen melden.<\/h6>\n<p>&#8220; _builder_version=&#8220;4.26.0&#8243; _module_preset=&#8220;default&#8220; _unique_id=&#8220;aababd9a-8171-4d2a-ae7a-2ab4b7be6eb1&#8243; form_field_background_color=&#8220;#FFFFFF&#8220; form_field_text_color=&#8220;gcid-208ebb9c-7ac7-4078-9d8a-641a551593a0&#8243; title_level=&#8220;h6&#8243; hover_enabled=&#8220;0&#8243; use_conditional_emails=&#8220;on&#8220; conditional_email_pattern=&#8220;Ansprechpartner::RWT AG:office@r-w-t.com|RWT Hornegger &#038; Thor GmbH:office@r-w-t.com<br \/>\n&#8220; admin_email_subject=&#8220;Kontaktaufnahme von Website&#8220; use_confirmation_email=&#8220;on&#8220; confirmation_email_subject=&#8220;Ihre Anfrage bei RWT AG | Your inquiry at RWT AG&#8220; confirmation_email_from_name=&#8220;RWT AG&#8220; confirmation_email_from=&#8220;noreply@rwt.comaris.de&#8220; confirmation_email_message=&#8220;Hallo %%Name%%,<\/p>\n<p>hiermit best\u00e4tigen wir Ihnen den Eingang Ihrer Anfrage. Wir werden diese eingehend pr\u00fcfen und uns in K\u00fcrze bei Ihnen melden.<\/p>\n<p>Vielen Dank f\u00fcr Ihr Interesse.<\/p>\n<p>Liebe Gr\u00fc\u00dfe<br \/>\nIhr RWT Power Team<br \/>\n&#8211;<br \/>\nRWT AG<\/p>\n<p>T +43 (0) 6242 471<br \/>\nE office@r-w-t.com<br \/>\nW www.rwt.ag<\/p>\n<p>____________________________<\/p>\n<p>Hello %%Name%%,<\/p>\n<p>we hereby confirm that we have received your request and will check it thoroughly and get back to you shortly.<\/p>\n<p>Thank you for your interest.<\/p>\n<p>Kind regards<br \/>\nYour RWT Power Team<br \/>\n&#8211;<br \/>\nRWT AG<\/p>\n<p>T +43 (0) 6242 471<br \/>\nE office@r-w-t.com<br \/>\nW www.rwt.ag&#8220; submit_button_wait_text=&#8220;Bitte warten&#8220; field_label_font=&#8220;|800|||||||&#8220; field_label_color=&#8220;gcid-55f6917a-e42e-4380-a044-21a648c75a5b&#8220; border_radii=&#8220;on|8px|8px|8px|8px&#8220; global_colors_info=&#8220;{%22gcid-208ebb9c-7ac7-4078-9d8a-641a551593a0%22:%91%22form_field_text_color%22%93,%22gcid-55f6917a-e42e-4380-a044-21a648c75a5b%22:%91%22field_label_color%22%93}&#8220; sticky_enabled=&#8220;0&#8243;][et_pb_contact_field field_id=&#8220;Ansprechpartner&#8220; field_title=&#8220;Wen m\u00f6chten Sie erreichen?&#8220; field_type=&#8220;radio&#8220; radio_options=&#8220;%91{%22value%22:%22RWT AG%22,%22checked%22:0,%22dragID%22:-1},{%22value%22:%22RWT Hornegger &#038; Thor GmbH%22,%22checked%22:0,%22dragID%22:0}%93&#8243; fullwidth_field=&#8220;on&#8220; _builder_version=&#8220;4.26.0&#8243; _module_preset=&#8220;default&#8220; hover_enabled=&#8220;0&#8243; field_description_location=&#8220;above&#8220; global_colors_info=&#8220;{}&#8220; sticky_enabled=&#8220;0&#8243;][\/et_pb_contact_field][et_pb_contact_field field_id=&#8220;Name&#8220; field_title=&#8220;Name&#8220; fullwidth_field=&#8220;on&#8220; _builder_version=&#8220;4.23.1&#8243; global_colors_info=&#8220;{}&#8220; button_text_size__hover_enabled=&#8220;off&#8220; button_one_text_size__hover_enabled=&#8220;off&#8220; button_two_text_size__hover_enabled=&#8220;off&#8220; button_text_color__hover_enabled=&#8220;off&#8220; button_one_text_color__hover_enabled=&#8220;off&#8220; button_two_text_color__hover_enabled=&#8220;off&#8220; button_border_width__hover_enabled=&#8220;off&#8220; button_one_border_width__hover_enabled=&#8220;off&#8220; button_two_border_width__hover_enabled=&#8220;off&#8220; button_border_color__hover_enabled=&#8220;off&#8220; button_one_border_color__hover_enabled=&#8220;off&#8220; button_two_border_color__hover_enabled=&#8220;off&#8220; button_border_radius__hover_enabled=&#8220;off&#8220; button_one_border_radius__hover_enabled=&#8220;off&#8220; button_two_border_radius__hover_enabled=&#8220;off&#8220; button_letter_spacing__hover_enabled=&#8220;off&#8220; button_one_letter_spacing__hover_enabled=&#8220;off&#8220; button_two_letter_spacing__hover_enabled=&#8220;off&#8220; button_bg_color__hover_enabled=&#8220;off&#8220; button_one_bg_color__hover_enabled=&#8220;off&#8220; button_two_bg_color__hover_enabled=&#8220;off&#8220;][\/et_pb_contact_field][et_pb_contact_field field_id=&#8220;Email&#8220; field_title=&#8220;E-Mail-Adresse&#8220; field_type=&#8220;email&#8220; fullwidth_field=&#8220;on&#8220; _builder_version=&#8220;4.23.1&#8243; global_colors_info=&#8220;{}&#8220; button_text_size__hover_enabled=&#8220;off&#8220; button_one_text_size__hover_enabled=&#8220;off&#8220; button_two_text_size__hover_enabled=&#8220;off&#8220; button_text_color__hover_enabled=&#8220;off&#8220; button_one_text_color__hover_enabled=&#8220;off&#8220; button_two_text_color__hover_enabled=&#8220;off&#8220; button_border_width__hover_enabled=&#8220;off&#8220; button_one_border_width__hover_enabled=&#8220;off&#8220; button_two_border_width__hover_enabled=&#8220;off&#8220; button_border_color__hover_enabled=&#8220;off&#8220; button_one_border_color__hover_enabled=&#8220;off&#8220; button_two_border_color__hover_enabled=&#8220;off&#8220; button_border_radius__hover_enabled=&#8220;off&#8220; button_one_border_radius__hover_enabled=&#8220;off&#8220; button_two_border_radius__hover_enabled=&#8220;off&#8220; button_letter_spacing__hover_enabled=&#8220;off&#8220; button_one_letter_spacing__hover_enabled=&#8220;off&#8220; button_two_letter_spacing__hover_enabled=&#8220;off&#8220; button_bg_color__hover_enabled=&#8220;off&#8220; button_one_bg_color__hover_enabled=&#8220;off&#8220; button_two_bg_color__hover_enabled=&#8220;off&#8220;][\/et_pb_contact_field][et_pb_contact_field field_id=&#8220;Message&#8220; field_title=&#8220;Nachricht&#8220; field_type=&#8220;text&#8220; fullwidth_field=&#8220;on&#8220; _builder_version=&#8220;4.16&#8243; global_colors_info=&#8220;{}&#8220; button_text_size__hover_enabled=&#8220;off&#8220; button_one_text_size__hover_enabled=&#8220;off&#8220; button_two_text_size__hover_enabled=&#8220;off&#8220; button_text_color__hover_enabled=&#8220;off&#8220; button_one_text_color__hover_enabled=&#8220;off&#8220; button_two_text_color__hover_enabled=&#8220;off&#8220; button_border_width__hover_enabled=&#8220;off&#8220; button_one_border_width__hover_enabled=&#8220;off&#8220; button_two_border_width__hover_enabled=&#8220;off&#8220; button_border_color__hover_enabled=&#8220;off&#8220; button_one_border_color__hover_enabled=&#8220;off&#8220; button_two_border_color__hover_enabled=&#8220;off&#8220; button_border_radius__hover_enabled=&#8220;off&#8220; button_one_border_radius__hover_enabled=&#8220;off&#8220; button_two_border_radius__hover_enabled=&#8220;off&#8220; button_letter_spacing__hover_enabled=&#8220;off&#8220; button_one_letter_spacing__hover_enabled=&#8220;off&#8220; button_two_letter_spacing__hover_enabled=&#8220;off&#8220; button_bg_color__hover_enabled=&#8220;off&#8220; button_one_bg_color__hover_enabled=&#8220;off&#8220; button_two_bg_color__hover_enabled=&#8220;off&#8220;][\/et_pb_contact_field][\/et_pb_contact_form][\/et_pb_column][\/et_pb_row][\/et_pb_section][et_pb_section fb_built=&#8220;1&#8243; _builder_version=&#8220;4.23.1&#8243; _module_preset=&#8220;default&#8220; global_colors_info=&#8220;{}&#8220;][et_pb_row column_structure=&#8220;1_2,1_2&#8243; use_custom_gutter=&#8220;on&#8220; _builder_version=&#8220;4.23.1&#8243; _module_preset=&#8220;default&#8220; global_colors_info=&#8220;{}&#8220;][et_pb_column type=&#8220;1_2&#8243; _builder_version=&#8220;4.23.1&#8243; _module_preset=&#8220;default&#8220; global_colors_info=&#8220;{}&#8220;][et_pb_text _builder_version=&#8220;4.23.1&#8243; _module_preset=&#8220;default&#8220; header_2_font_size=&#8220;36px&#8220; custom_margin=&#8220;||15px||false|false&#8220; custom_padding=&#8220;||||false|false&#8220; global_colors_info=&#8220;{}&#8220;]<\/p>\n<h4>Der WEG ZU RWT:<\/h4>\n<p>[\/et_pb_text][et_pb_divider color=&#8220;gcid-10939461-63af-4478-88d1-71c06bb32c4d&#8220; divider_weight=&#8220;5px&#8220; _builder_version=&#8220;4.23.1&#8243; _module_preset=&#8220;default&#8220; width=&#8220;30%&#8220; module_alignment=&#8220;left&#8220; custom_margin=&#8220;||||false|false&#8220; global_colors_info=&#8220;{%22gcid-10939461-63af-4478-88d1-71c06bb32c4d%22:%91%22color%22%93}&#8220;][\/et_pb_divider][et_pb_text _builder_version=&#8220;4.23.1&#8243; _module_preset=&#8220;default&#8220; header_2_font_size=&#8220;36px&#8220; global_colors_info=&#8220;{}&#8220;]<\/p>\n<ul>\n<li>Sie fahren auf der Autobahn von Salzburg Richtung Villach.<\/li>\n<li>Sie verlassen die Autobahn bei Golling Richtung Abtenau.<\/li>\n<li>Sie fahren durch Abtenau durch, Richtung Ru\u00dfbach<\/li>\n<li>Nach ca. 10 km biegen Sie von der ansteigenden Linkskurve links ab<\/li>\n<li>Folgen Sie dem Stra\u00dfenverlauf ca. 1 km<\/li>\n<li>Sie sehen links unser Firmengeb\u00e4ude, Parkpl\u00e4tze rechts vom Geb\u00e4ude.<\/li>\n<\/ul>\n<p>[\/et_pb_text][\/et_pb_column][et_pb_column type=&#8220;1_2&#8243; _builder_version=&#8220;4.23.1&#8243; _module_preset=&#8220;default&#8220; global_colors_info=&#8220;{}&#8220;][dsm_embed_google_map address=&#8220;RWT Hornegger &#038; Thor GmbH&#8220; _builder_version=&#8220;4.23.1&#8243; _module_preset=&#8220;default&#8220; border_radii=&#8220;on|8px|8px|8px|8px&#8220; global_colors_info=&#8220;{}&#8220;][\/dsm_embed_google_map][\/et_pb_column][\/et_pb_row][\/et_pb_section][et_pb_section fb_built=&#8220;1&#8243; _builder_version=&#8220;4.23.1&#8243; _module_preset=&#8220;default&#8220; background_image=&#8220;https:\/\/rwt.comaris.de\/wp-content\/uploads\/2023\/11\/luftaufnahme-2-gr.jpg&#8220; parallax=&#8220;on&#8220; module_alignment=&#8220;center&#8220; custom_margin=&#8220;||||false|false&#8220; custom_padding=&#8220;30vh||30vh||false|false&#8220; global_colors_info=&#8220;{}&#8220;][et_pb_row _builder_version=&#8220;4.23.1&#8243; _module_preset=&#8220;default&#8220; global_colors_info=&#8220;{}&#8220;][et_pb_column type=&#8220;4_4&#8243; _builder_version=&#8220;4.23.1&#8243; _module_preset=&#8220;default&#8220; global_colors_info=&#8220;{}&#8220;][\/et_pb_column][\/et_pb_row][\/et_pb_section]<\/p>\n","protected":false},"excerpt":{"rendered":"<p>Kontakt Kontakt zu RWT Hornegger &amp; Thor GmbH RWT ist ein junges, innovatives Fertigungsunternehmen. Unseren Schwerpunkt bilden Werkzeugbau, Formenbau, Prototypenbau und Baugruppenfertigung. Wir stellen Motorkomponenten und Pr\u00e4zisionsteile in Lohnfertigung her, unter anderem f\u00fcr die Fahrzeug- und Flugzeugindustrie sowie den Motorsport. Unsere Maxime ist es, mit Ihnen offen und auf Augenh\u00f6he zu kommunizieren. Bei Fragen zu unseren Produkten oder auch individuellen Projektanfragen stehen wir Ihnen gerne zur Verf\u00fcgung. Kommunikation auf Augenh\u00f6he Anschrift RWT Hornegger &amp; Thor GmbH Gseng 90 \u2022 5442 Ru\u00dfbach \u00d6sterreich Telefon: +43 6242 471 Telefax: +43 6242 471-55 office@r-w-t.com Ihre Ansprechpartner Gesch\u00e4ftsf\u00fchrer: Hannes Hornegger h.hornegger@r-w-t.com Reinhard Thor r.thor@r-w-t.com Qualit\u00e4tssicherung: Martin Straubinger control@r-w-t.com Technischer Einkauf: Walter Schwaighofer w.schwaighofer@r-w-t.com AV-Einkauf: Ing. Marcus Grasl m.grasl@r-w-t.com Administration: Gerald Thor g.thor@r-w-t.com Der WEG ZU RWT: Sie fahren auf der Autobahn von Salzburg Richtung Villach. Sie verlassen die Autobahn bei Golling Richtung Abtenau. Sie fahren durch Abtenau durch, Richtung Ru\u00dfbach Nach ca. 10 km biegen Sie von der ansteigenden Linkskurve links ab Folgen Sie dem Stra\u00dfenverlauf ca. 1 km Sie sehen links unser Firmengeb\u00e4ude, Parkpl\u00e4tze rechts vom Geb\u00e4ude. <div class=\"et_pb_module dsm_embed_google_map dsm_embed_google_map_0\">\n\t\t\t\t\n\t\t\t\t\n\t\t\t\t\n\t\t\t\t\n\t\t\t\t\n\t\t\t\t\n\t\t\t\t<div class=\"et_pb_module_inner\">\n\t\t\t\t\t<iframe loading=\"lazy\" frameborder=\"0\" scrolling=\"no\" marginheight=\"0\" marginwidth=\"0\" referrerpolicy=\"no-referrer-when-downgrade\" src=\"https:\/\/maps.google.com\/maps?q=RWT%20Hornegger%20%26%23038%3B%20Thor%20GmbH&amp;t=m&amp;z=10&amp;output=embed&amp;iwloc=near&hl=en_US\" aria-label=\"RWT Hornegger &amp; Thor GmbH\"><\/iframe>\n\t\t\t\t<\/div>\n\t\t\t<\/div><\/p>","protected":false},"author":1,"featured_media":0,"parent":0,"menu_order":0,"comment_status":"closed","ping_status":"closed","template":"","meta":{"_acf_changed":false,"_et_pb_use_builder":"on","_et_pb_old_content":"","_et_gb_content_width":"","footnotes":""},"class_list":["post-226","page","type-page","status-publish","hentry"],"acf":[],"aioseo_notices":[],"_links":{"self":[{"href":"https:\/\/rwt.comaris.de\/en\/wp-json\/wp\/v2\/pages\/226","targetHints":{"allow":["GET"]}}],"collection":[{"href":"https:\/\/rwt.comaris.de\/en\/wp-json\/wp\/v2\/pages"}],"about":[{"href":"https:\/\/rwt.comaris.de\/en\/wp-json\/wp\/v2\/types\/page"}],"author":[{"embeddable":true,"href":"https:\/\/rwt.comaris.de\/en\/wp-json\/wp\/v2\/users\/1"}],"replies":[{"embeddable":true,"href":"https:\/\/rwt.comaris.de\/en\/wp-json\/wp\/v2\/comments?post=226"}],"version-history":[{"count":37,"href":"https:\/\/rwt.comaris.de\/en\/wp-json\/wp\/v2\/pages\/226\/revisions"}],"predecessor-version":[{"id":4040,"href":"https:\/\/rwt.comaris.de\/en\/wp-json\/wp\/v2\/pages\/226\/revisions\/4040"}],"wp:attachment":[{"href":"https:\/\/rwt.comaris.de\/en\/wp-json\/wp\/v2\/media?parent=226"}],"curies":[{"name":"wp","href":"https:\/\/api.w.org\/{rel}","templated":true}]}}